{"id":214,"date":"2019-02-25T14:09:45","date_gmt":"2019-02-25T14:09:45","guid":{"rendered":"https:\/\/gr\u00fcnwohnen.de\/?page_id=214"},"modified":"2025-05-28T14:24:01","modified_gmt":"2025-05-28T13:24:01","slug":"impressum","status":"publish","type":"page","link":"https:\/\/gw-realestate.de\/?page_id=214","title":{"rendered":"Impressum"},"content":{"rendered":"<p>&nbsp;<\/p>\n<p><span style=\"font-size: 14pt;\"><strong>Verantwortlich f\u00fcr den Inhalt:<\/strong><\/span><br \/>\n<span style=\"font-size: 14pt;\">Gr\u00fcnwohnen Verm\u00f6gensverwaltung eGbR<\/span><br \/>\n<span style=\"font-size: 14pt;\">Siemensstr. 27a<\/span><br \/>\n<span style=\"font-size: 14pt;\">63165 M\u00fchlheim am Main<\/span><br \/>\n<span style=\"font-size: 14pt;\">info@gr\u00fcnwohnen.de<\/span><\/p>\n<p><span style=\"font-size: 14pt;\"><strong>Gestaltung &amp; Umsetzung:<\/strong> Gr\u00fcnwohnen Verm\u00f6gensverwaltung eGbR<br \/>\n<\/span><span style=\"font-size: 14pt;\"><strong>Copyright-Angaben f\u00fcr verwendete Bilder:<\/strong> Gr\u00fcnwohnen Verm\u00f6gensverwaltung eGbR<\/span><br \/>\n<span style=\"font-size: 14pt;\"><strong>Fotobearbeitung, Retusche &amp; Composing<\/strong>: Gr\u00fcnwohnen Verm\u00f6gensverwaltung eGbR<br \/>\n<\/span><\/p>\n<p><span style=\"font-size: 14pt;\"><strong>Online-Streitbeilegung<\/strong><\/span><br \/>\n<span style=\"font-size: 14pt;\">Die Europ\u00e4ische Kommission stellt unter https:\/\/ec.europa.eu\/consumers\/odr\/ eine Plattform zur Online-Streitbeilegung bereit, die Verbraucher f\u00fcr die Beilegung einer Streitigkeit nutzen k\u00f6nnen und auf der weitere Informationen zum Thema Streitschlichtung zu finden sind.<\/span><\/p>\n<p><span style=\"font-size: 14pt;\"><strong>Au\u00dfergerichtliche Streitbeilegung<\/strong><\/span><br \/>\n<span style=\"font-size: 14pt;\">Wir sind weder verpflichtet noch dazu bereit, im Falle einer Streitigkeit mit einem Verbraucher an einem Streitbeilegungsverfahren vor einer Verbraucherschlichtungsstelle teilzunehmen.<\/span><\/p>\n<p><span style=\"font-size: 14pt;\"><strong>Haftungsausschluss:<\/strong><\/span><\/p>\n<p><span style=\"font-size: 14pt;\"><strong>Inhalt:<\/strong><strong>\u2028<\/strong><\/span><br \/>\n<span style=\"font-size: 14pt;\">Diese Website wurde mit gr\u00f6\u00dftm\u00f6glicher Sorgfalt zusammengestellt. Trotzdem kann keine Gew\u00e4hr f\u00fcr die Fehlerfreiheit und Genauigkeit der enthaltenen Informationen \u00fcbernommen werden. Gr\u00fcnwohnen Verm\u00f6gensverwaltung eGbR \u00fcbernimmt keinerlei Gew\u00e4hr f\u00fcr die Aktualit\u00e4t, Korrektheit, Vollst\u00e4ndigkeit oder Qualit\u00e4t der dargestellten Informationen. Haftungsanspr\u00fcche gegen Gr\u00fcnwohnen Verm\u00f6gensverwaltung eGbR, welche sich auf Sch\u00e4den materieller oder ideeller Art beziehen, die durch die Nutzung oder Nichtnutzung der dargebotenen Informationen oder durch die Nutzung fehlerhafter und\/oder unvollst\u00e4ndiger Informationen verursacht wurden, sind grunds\u00e4tzlich ausgeschlossen, sofern seitens Gr\u00fcnwohnen Verm\u00f6gensverwaltung eGbR kein nachweislich vors\u00e4tzliches oder grob fahrl\u00e4ssiges Verschulden vorliegt.<\/span><\/p>\n<p><span style=\"font-size: 14pt;\"><strong>Verweise und Links:<\/strong><\/span><br \/>\n<span style=\"font-size: 14pt;\">Bei direkten oder indirekten Verweisen auf fremde Webseiten, so genannte Links, die au\u00dferhalb der Verantwortlichkeit von Gr\u00fcnwohnen Verm\u00f6gensverwaltung eGbR liegen, ist eine Verantwortlichkeit zur Haftung f\u00fcr die Inhalte seitens Gr\u00fcnwohnen Verm\u00f6gensverwaltung eGbR ausgeschlossen. Gr\u00fcnwohnen Verm\u00f6gensverwaltung eGbR hat keinerlei Einfluss auf den Inhalt der verlinkten Seiten. F\u00fcr illegale, fehlerhafte oder unvollst\u00e4ndige Inhalte und insbesondere f\u00fcr Sch\u00e4den, die aus der Nutzung oder Nichtnutzung dargebotener, illegaler oder fehlerhafter Informationen verlinkter Seiten entstehen, haftet allein der Anbieter der Seite, auf welche verwiesen wurde, nicht jedoch Gr\u00fcnwohnen Verm\u00f6gensverwaltung eGbR, die lediglich auf diese Inhalte verweist.<\/span><\/p>\n<p><span style=\"font-size: 14pt;\"><strong>Urheber- und Kennzeichenrecht:<\/strong><\/span><br \/>\n<span style=\"font-size: 14pt;\">Alle innerhalb des Internetangebotes genannten und gegebenenfalls durch Dritte gesch\u00fctzten Marken- und Warenzeichen unterliegen uneingeschr\u00e4nkt den Bestimmungen des jeweils g\u00fcltigen Kennzeichenrechts und den Besitzrechten der jeweiligen eingetragenen Eigent\u00fcmers. Allein aufgrund der blo\u00dfen Nennung ist nicht der Schluss zu ziehen, dass Markenzeichen nicht durch Rechte Dritter gesch\u00fctzt sind. Eine Ver\u00f6ffentlichung oder Vervielf\u00e4ltigung der von Gr\u00fcnwohnen Verm\u00f6gensverwaltung eGbR. erstellten Objekte ist ohne ausdr\u00fcckliche Zustimmung nicht zul\u00e4ssig.<\/span><\/p>\n<p><span style=\"font-size: 14pt;\"><strong>Rechtswirksamkeit des Haftungsausschlusses:<\/strong><\/span><br \/>\n<span style=\"font-size: 14pt;\">Sofern Teile des Internetangebotes oder einzelne Formulierungen dieses Textes der geltenden Rechtslage nicht, nicht mehr oder nicht vollst\u00e4ndig entsprechen, bleiben die \u00fcbrigen Teile des Dokumentes in ihrem Inhalt und ihrer G\u00fcltigkeit davon unber\u00fchrt.<\/span><\/p>\n","protected":false},"excerpt":{"rendered":"<p>&nbsp; Verantwortlich f\u00fcr den Inhalt: Gr\u00fcnwohnen Verm\u00f6gensverwaltung eGbR Siemensstr. 27a [&hellip;]<\/p>\n","protected":false},"author":1,"featured_media":0,"parent":0,"menu_order":0,"comment_status":"closed","ping_status":"closed","template":"","meta":{"ngg_post_thumbnail":0,"footnotes":""},"class_list":["post-214","page","type-page","status-publish","hentry"],"_links":{"self":[{"href":"https:\/\/gw-realestate.de\/index.php?rest_route=\/wp\/v2\/pages\/214","targetHints":{"allow":["GET"]}}],"collection":[{"href":"https:\/\/gw-realestate.de\/index.php?rest_route=\/wp\/v2\/pages"}],"about":[{"href":"https:\/\/gw-realestate.de\/index.php?rest_route=\/wp\/v2\/types\/page"}],"author":[{"embeddable":true,"href":"https:\/\/gw-realestate.de\/index.php?rest_route=\/wp\/v2\/users\/1"}],"replies":[{"embeddable":true,"href":"https:\/\/gw-realestate.de\/index.php?rest_route=%2Fwp%2Fv2%2Fcomments&post=214"}],"version-history":[{"count":10,"href":"https:\/\/gw-realestate.de\/index.php?rest_route=\/wp\/v2\/pages\/214\/revisions"}],"predecessor-version":[{"id":374,"href":"https:\/\/gw-realestate.de\/index.php?rest_route=\/wp\/v2\/pages\/214\/revisions\/374"}],"wp:attachment":[{"href":"https:\/\/gw-realestate.de\/index.php?rest_route=%2Fwp%2Fv2%2Fmedia&parent=214"}],"curies":[{"name":"wp","href":"https:\/\/api.w.org\/{rel}","templated":true}]}}